{"id":2174,"date":"2022-04-13T09:32:06","date_gmt":"2022-04-13T09:32:06","guid":{"rendered":"https:\/\/muelheimdental.de\/news\/"},"modified":"2023-11-13T15:57:50","modified_gmt":"2023-11-13T15:57:50","slug":"news","status":"publish","type":"page","link":"https:\/\/muelheimdental.de\/en\/news\/","title":{"rendered":"News"},"content":{"rendered":"[vc_row type=&#8221;full_width_background&#8221; full_screen_row_position=&#8221;middle&#8221; column_margin=&#8221;default&#8221; equal_height=&#8221;yes&#8221; content_placement=&#8221;middle&#8221; column_direction=&#8221;default&#8221; column_direction_tablet=&#8221;default&#8221; column_direction_phone=&#8221;default&#8221; scene_position=&#8221;center&#8221; text_color=&#8221;dark&#8221; text_align=&#8221;left&#8221; row_border_radius=&#8221;none&#8221; row_border_radius_applies=&#8221;bg&#8221; overflow=&#8221;visible&#8221; color_overlay=&#8221;#ffffff&#8221; color_overlay_2=&#8221;#e8e8e8&#8243; advanced_gradient_angle=&#8221;0&#8243; overlay_strength=&#8221;0.3&#8243; gradient_direction=&#8221;top_to_bottom&#8221; shape_divider_color=&#8221;#ffffff&#8221; shape_divider_position=&#8221;bottom&#8221; bg_image_animation=&#8221;none&#8221; gradient_type=&#8221;default&#8221; shape_type=&#8221;tilt_alt&#8221;][vc_column column_padding=&#8221;no-extra-padding&#8221; column_padding_tablet=&#8221;inherit&#8221; column_padding_phone=&#8221;inherit&#8221; column_padding_position=&#8221;all&#8221; column_element_spacing=&#8221;default&#8221; background_color_opacity=&#8221;1&#8243; background_hover_color_opacity=&#8221;1&#8243; column_shadow=&#8221;none&#8221; column_border_radius=&#8221;none&#8221; column_link_target=&#8221;_self&#8221; column_position=&#8221;default&#8221; advanced_gradient_angle=&#8221;0&#8243; gradient_direction=&#8221;left_to_right&#8221; overlay_strength=&#8221;0.3&#8243; width=&#8221;1\/2&#8243; tablet_width_inherit=&#8221;default&#8221; tablet_text_alignment=&#8221;default&#8221; phone_text_alignment=&#8221;default&#8221; animation_type=&#8221;default&#8221; enable_animation=&#8221;true&#8221; animation=&#8221;fade-in&#8221; bg_image_animation=&#8221;none&#8221; border_type=&#8221;simple&#8221; column_border_width=&#8221;none&#8221; column_border_style=&#8221;solid&#8221; gradient_type=&#8221;default&#8221;][image_with_animation image_url=&#8221;1356&#8243; image_size=&#8221;full&#8221; animation_type=&#8221;entrance&#8221; animation=&#8221;Fade In&#8221; hover_animation=&#8221;zoom&#8221; alignment=&#8221;&#8221; border_radius=&#8221;none&#8221; box_shadow=&#8221;none&#8221; image_loading=&#8221;default&#8221; max_width=&#8221;100%&#8221; max_width_mobile=&#8221;default&#8221;][\/vc_column][vc_column column_padding=&#8221;padding-4-percent&#8221; column_padding_tablet=&#8221;inherit&#8221; column_padding_phone=&#8221;inherit&#8221; column_padding_position=&#8221;all&#8221; column_element_spacing=&#8221;default&#8221; background_color_opacity=&#8221;1&#8243; background_hover_color_opacity=&#8221;1&#8243; column_shadow=&#8221;none&#8221; column_border_radius=&#8221;custom&#8221; column_link_target=&#8221;_self&#8221; column_position=&#8221;default&#8221; advanced_gradient_angle=&#8221;0&#8243; gradient_direction=&#8221;left_to_right&#8221; overlay_strength=&#8221;0.3&#8243; width=&#8221;1\/2&#8243; tablet_width_inherit=&#8221;default&#8221; tablet_text_alignment=&#8221;default&#8221; phone_text_alignment=&#8221;default&#8221; animation_type=&#8221;default&#8221; enable_animation=&#8221;true&#8221; animation=&#8221;fade-in-from-bottom&#8221; bg_image_animation=&#8221;none&#8221; border_type=&#8221;simple&#8221; column_border_width=&#8221;none&#8221; gradient_type=&#8221;default&#8221;][nectar_highlighted_text color_type=&#8221;regular&#8221; style=&#8221;full_text&#8221; highlight_expansion=&#8221;default&#8221;]\n<h5><span style=\"color: #dd585e;\">News<br \/>\n<\/span><\/h5>\n[\/nectar_highlighted_text][vc_column_text]\n<h1><span style=\"color: #303f52;\">Wissenwertes aus der Welt der Z\u00e4hne.<br \/>\n<\/span><\/h1>\n<p><span style=\"color: #303f52;\">Hier findest du einige zus\u00e4tzliche Informationen rund um deine Zahngesundheit. Click dich einfach durch. <\/span>[\/vc_column_text][\/vc_column][\/vc_row][vc_row type=&#8221;full_width_background&#8221; full_screen_row_position=&#8221;middle&#8221; column_margin=&#8221;default&#8221; column_direction=&#8221;default&#8221; column_direction_tablet=&#8221;default&#8221; column_direction_phone=&#8221;default&#8221; scene_position=&#8221;center&#8221; top_padding=&#8221;6%&#8221; bottom_padding=&#8221;6%&#8221; text_color=&#8221;dark&#8221; text_align=&#8221;left&#8221; row_border_radius=&#8221;none&#8221; row_border_radius_applies=&#8221;bg&#8221; overflow=&#8221;visible&#8221; overlay_strength=&#8221;0.3&#8243; gradient_direction=&#8221;left_to_right&#8221; shape_divider_position=&#8221;bottom&#8221; bg_image_animation=&#8221;none&#8221; shape_type=&#8221;&#8221;][vc_column column_padding=&#8221;no-extra-padding&#8221; column_padding_tablet=&#8221;inherit&#8221; column_padding_phone=&#8221;inherit&#8221; column_padding_position=&#8221;all&#8221; column_element_spacing=&#8221;default&#8221; background_color_opacity=&#8221;1&#8243; background_hover_color_opacity=&#8221;1&#8243; column_shadow=&#8221;none&#8221; column_border_radius=&#8221;none&#8221; column_link_target=&#8221;_self&#8221; column_position=&#8221;default&#8221; gradient_direction=&#8221;left_to_right&#8221; overlay_strength=&#8221;0.3&#8243; width=&#8221;1\/1&#8243; tablet_width_inherit=&#8221;default&#8221; tablet_text_alignment=&#8221;default&#8221; phone_text_alignment=&#8221;default&#8221; animation_type=&#8221;default&#8221; bg_image_animation=&#8221;none&#8221; border_type=&#8221;simple&#8221; column_border_width=&#8221;none&#8221; column_border_style=&#8221;solid&#8221;][nectar_blog layout=&#8221;masonry-blog-fullwidth&#8221; blog_masonry_style=&#8221;material&#8221; load_in_animation=&#8221;fade_in_from_bottom&#8221; category=&#8221;all&#8221; enable_pagination=&#8221;true&#8221; pagination_type=&#8221;default&#8221; order=&#8221;DESC&#8221; orderby=&#8221;date&#8221; blog_remove_post_author=&#8221;true&#8221; posts_per_page=&#8221;20&#8243;][\/vc_column][\/vc_row]\n","protected":false},"excerpt":{"rendered":"<p>[vc_row type=&#8221;full_width_background&#8221; full_screen_row_position=&#8221;middle&#8221; column_margin=&#8221;default&#8221; equal_height=&#8221;yes&#8221; content_placement=&#8221;middle&#8221; column_direction=&#8221;default&#8221; column_direction_tablet=&#8221;default&#8221; column_direction_phone=&#8221;default&#8221; scene_position=&#8221;center&#8221; text_color=&#8221;dark&#8221; text_align=&#8221;left&#8221; row_border_radius=&#8221;none&#8221; row_border_radius_applies=&#8221;bg&#8221; overflow=&#8221;visible&#8221; color_overlay=&#8221;#ffffff&#8221; color_overlay_2=&#8221;#e8e8e8&#8243; advanced_gradient_angle=&#8221;0&#8243; overlay_strength=&#8221;0.3&#8243; gradient_direction=&#8221;top_to_bottom&#8221; shape_divider_color=&#8221;#ffffff&#8221; shape_divider_position=&#8221;bottom&#8221; bg_image_animation=&#8221;none&#8221; gradient_type=&#8221;default&#8221; shape_type=&#8221;tilt_alt&#8221;][vc_column column_padding=&#8221;no-extra-padding&#8221; column_padding_tablet=&#8221;inherit&#8221; column_padding_phone=&#8221;inherit&#8221; column_padding_position=&#8221;all&#8221; column_element_spacing=&#8221;default&#8221;&#8230;<\/p>\n","protected":false},"author":4,"featured_media":0,"parent":0,"menu_order":0,"comment_status":"closed","ping_status":"closed","template":"","meta":{"inline_featured_image":false,"footnotes":""},"class_list":["post-2174","page","type-page","status-publish"],"yoast_head":"<!-- This site is optimized with the Yoast SEO plugin v27.3 - https:\/\/yoast.com\/product\/yoast-seo-wordpress\/ -->\n<title>News |\u00a0m\u00fclheimdental | Zahnarzt M\u00fclheim an der Ruhr<\/title>\n<meta name=\"description\" content=\"News und Aktuelles: Hier findest du einige zus\u00e4tzliche Informationen und Neuigkeiten rund um die Zahngesundheit. Alle News auf einen Blick!\" \/>\n<meta name=\"robots\" content=\"index, follow, max-snippet:-1, max-image-preview:large, max-video-preview:-1\" \/>\n<link rel=\"canonical\" href=\"https:\/\/muelheimdental.de\/en\/news\/\" \/>\n<meta property=\"og:locale\" content=\"en_US\" \/>\n<meta property=\"og:type\" content=\"article\" \/>\n<meta property=\"og:title\" content=\"News |\u00a0m\u00fclheimdental | Zahnarzt M\u00fclheim an der Ruhr\" \/>\n<meta property=\"og:description\" content=\"News und Aktuelles: Hier findest du einige zus\u00e4tzliche Informationen und Neuigkeiten rund um die Zahngesundheit. Alle News auf einen Blick!\" \/>\n<meta property=\"og:url\" content=\"https:\/\/muelheimdental.de\/en\/news\/\" \/>\n<meta property=\"og:site_name\" content=\"Zahnarzt m\u00fclheimdental - Dr. D. Leith\u00e4user\" \/>\n<meta property=\"article:modified_time\" content=\"2023-11-13T15:57:50+00:00\" \/>\n<meta name=\"twitter:card\" content=\"summary_large_image\" \/>\n<meta name=\"twitter:label1\" content=\"Est. reading time\" \/>\n\t<meta name=\"twitter:data1\" content=\"1 minute\" \/>\n<script type=\"application\/ld+json\" class=\"yoast-schema-graph\">{\"@context\":\"https:\\\/\\\/schema.org\",\"@graph\":[{\"@type\":\"WebPage\",\"@id\":\"https:\\\/\\\/muelheimdental.de\\\/en\\\/news\\\/\",\"url\":\"https:\\\/\\\/muelheimdental.de\\\/en\\\/news\\\/\",\"name\":\"News |\u00a0m\u00fclheimdental | Zahnarzt M\u00fclheim an der Ruhr\",\"isPartOf\":{\"@id\":\"https:\\\/\\\/muelheimdental.de\\\/en\\\/#website\"},\"datePublished\":\"2022-04-13T09:32:06+00:00\",\"dateModified\":\"2023-11-13T15:57:50+00:00\",\"description\":\"News und Aktuelles: Hier findest du einige zus\u00e4tzliche Informationen und Neuigkeiten rund um die Zahngesundheit. Alle News auf einen Blick!\",\"breadcrumb\":{\"@id\":\"https:\\\/\\\/muelheimdental.de\\\/en\\\/news\\\/#breadcrumb\"},\"inLanguage\":\"en-US\",\"potentialAction\":[{\"@type\":\"ReadAction\",\"target\":[\"https:\\\/\\\/muelheimdental.de\\\/en\\\/news\\\/\"]}]},{\"@type\":\"BreadcrumbList\",\"@id\":\"https:\\\/\\\/muelheimdental.de\\\/en\\\/news\\\/#breadcrumb\",\"itemListElement\":[{\"@type\":\"ListItem\",\"position\":1,\"name\":\"Startseite\",\"item\":\"https:\\\/\\\/muelheimdental.de\\\/en\\\/home-page\\\/\"},{\"@type\":\"ListItem\",\"position\":2,\"name\":\"News\"}]},{\"@type\":\"WebSite\",\"@id\":\"https:\\\/\\\/muelheimdental.de\\\/en\\\/#website\",\"url\":\"https:\\\/\\\/muelheimdental.de\\\/en\\\/\",\"name\":\"Zahnarzt m\u00fclheimdental - Dr. D. Leith\u00e4user\",\"description\":\"M\u00fclheim &amp; Essen\",\"publisher\":{\"@id\":\"https:\\\/\\\/muelheimdental.de\\\/en\\\/#organization\"},\"potentialAction\":[{\"@type\":\"SearchAction\",\"target\":{\"@type\":\"EntryPoint\",\"urlTemplate\":\"https:\\\/\\\/muelheimdental.de\\\/en\\\/?s={search_term_string}\"},\"query-input\":{\"@type\":\"PropertyValueSpecification\",\"valueRequired\":true,\"valueName\":\"search_term_string\"}}],\"inLanguage\":\"en-US\"},{\"@type\":\"Organization\",\"@id\":\"https:\\\/\\\/muelheimdental.de\\\/en\\\/#organization\",\"name\":\"m\u00fclheimdental \u00b7 Einfach deine Praxis.\",\"url\":\"https:\\\/\\\/muelheimdental.de\\\/en\\\/\",\"logo\":{\"@type\":\"ImageObject\",\"inLanguage\":\"en-US\",\"@id\":\"https:\\\/\\\/muelheimdental.de\\\/en\\\/#\\\/schema\\\/logo\\\/image\\\/\",\"url\":\"https:\\\/\\\/muelheimdental.de\\\/wp-content\\\/uploads\\\/muelheimdental-og-image-1\",\"contentUrl\":\"https:\\\/\\\/muelheimdental.de\\\/wp-content\\\/uploads\\\/muelheimdental-og-image-1\",\"width\":960,\"height\":540,\"caption\":\"m\u00fclheimdental \u00b7 Einfach deine Praxis.\"},\"image\":{\"@id\":\"https:\\\/\\\/muelheimdental.de\\\/en\\\/#\\\/schema\\\/logo\\\/image\\\/\"}}]}<\/script>\n<!-- \/ Yoast SEO plugin. -->","yoast_head_json":{"title":"News |\u00a0m\u00fclheimdental | Zahnarzt M\u00fclheim an der Ruhr","description":"News und Aktuelles: Hier findest du einige zus\u00e4tzliche Informationen und Neuigkeiten rund um die Zahngesundheit. Alle News auf einen Blick!","robots":{"index":"index","follow":"follow","max-snippet":"max-snippet:-1","max-image-preview":"max-image-preview:large","max-video-preview":"max-video-preview:-1"},"canonical":"https:\/\/muelheimdental.de\/en\/news\/","og_locale":"en_US","og_type":"article","og_title":"News |\u00a0m\u00fclheimdental | Zahnarzt M\u00fclheim an der Ruhr","og_description":"News und Aktuelles: Hier findest du einige zus\u00e4tzliche Informationen und Neuigkeiten rund um die Zahngesundheit. Alle News auf einen Blick!","og_url":"https:\/\/muelheimdental.de\/en\/news\/","og_site_name":"Zahnarzt m\u00fclheimdental - Dr. D. Leith\u00e4user","article_modified_time":"2023-11-13T15:57:50+00:00","twitter_card":"summary_large_image","twitter_misc":{"Est. reading time":"1 minute"},"schema":{"@context":"https:\/\/schema.org","@graph":[{"@type":"WebPage","@id":"https:\/\/muelheimdental.de\/en\/news\/","url":"https:\/\/muelheimdental.de\/en\/news\/","name":"News |\u00a0m\u00fclheimdental | Zahnarzt M\u00fclheim an der Ruhr","isPartOf":{"@id":"https:\/\/muelheimdental.de\/en\/#website"},"datePublished":"2022-04-13T09:32:06+00:00","dateModified":"2023-11-13T15:57:50+00:00","description":"News und Aktuelles: Hier findest du einige zus\u00e4tzliche Informationen und Neuigkeiten rund um die Zahngesundheit. Alle News auf einen Blick!","breadcrumb":{"@id":"https:\/\/muelheimdental.de\/en\/news\/#breadcrumb"},"inLanguage":"en-US","potentialAction":[{"@type":"ReadAction","target":["https:\/\/muelheimdental.de\/en\/news\/"]}]},{"@type":"BreadcrumbList","@id":"https:\/\/muelheimdental.de\/en\/news\/#breadcrumb","itemListElement":[{"@type":"ListItem","position":1,"name":"Startseite","item":"https:\/\/muelheimdental.de\/en\/home-page\/"},{"@type":"ListItem","position":2,"name":"News"}]},{"@type":"WebSite","@id":"https:\/\/muelheimdental.de\/en\/#website","url":"https:\/\/muelheimdental.de\/en\/","name":"Zahnarzt m\u00fclheimdental - Dr. D. Leith\u00e4user","description":"M\u00fclheim &amp; Essen","publisher":{"@id":"https:\/\/muelheimdental.de\/en\/#organization"},"potentialAction":[{"@type":"SearchAction","target":{"@type":"EntryPoint","urlTemplate":"https:\/\/muelheimdental.de\/en\/?s={search_term_string}"},"query-input":{"@type":"PropertyValueSpecification","valueRequired":true,"valueName":"search_term_string"}}],"inLanguage":"en-US"},{"@type":"Organization","@id":"https:\/\/muelheimdental.de\/en\/#organization","name":"m\u00fclheimdental \u00b7 Einfach deine Praxis.","url":"https:\/\/muelheimdental.de\/en\/","logo":{"@type":"ImageObject","inLanguage":"en-US","@id":"https:\/\/muelheimdental.de\/en\/#\/schema\/logo\/image\/","url":"https:\/\/muelheimdental.de\/wp-content\/uploads\/muelheimdental-og-image-1","contentUrl":"https:\/\/muelheimdental.de\/wp-content\/uploads\/muelheimdental-og-image-1","width":960,"height":540,"caption":"m\u00fclheimdental \u00b7 Einfach deine Praxis."},"image":{"@id":"https:\/\/muelheimdental.de\/en\/#\/schema\/logo\/image\/"}}]}},"_links":{"self":[{"href":"https:\/\/muelheimdental.de\/en\/wp-json\/wp\/v2\/pages\/2174","targetHints":{"allow":["GET"]}}],"collection":[{"href":"https:\/\/muelheimdental.de\/en\/wp-json\/wp\/v2\/pages"}],"about":[{"href":"https:\/\/muelheimdental.de\/en\/wp-json\/wp\/v2\/types\/page"}],"author":[{"embeddable":true,"href":"https:\/\/muelheimdental.de\/en\/wp-json\/wp\/v2\/users\/4"}],"replies":[{"embeddable":true,"href":"https:\/\/muelheimdental.de\/en\/wp-json\/wp\/v2\/comments?post=2174"}],"version-history":[{"count":3,"href":"https:\/\/muelheimdental.de\/en\/wp-json\/wp\/v2\/pages\/2174\/revisions"}],"predecessor-version":[{"id":3249,"href":"https:\/\/muelheimdental.de\/en\/wp-json\/wp\/v2\/pages\/2174\/revisions\/3249"}],"wp:attachment":[{"href":"https:\/\/muelheimdental.de\/en\/wp-json\/wp\/v2\/media?parent=2174"}],"curies":[{"name":"wp","href":"https:\/\/api.w.org\/{rel}","templated":true}]}}