{"id":2369,"date":"2022-04-05T09:31:12","date_gmt":"2022-04-05T09:31:12","guid":{"rendered":"https:\/\/muelheimdental.de\/termin-vereinbaren\/"},"modified":"2022-08-10T13:43:02","modified_gmt":"2022-08-10T13:43:02","slug":"appointment","status":"publish","type":"page","link":"https:\/\/muelheimdental.de\/en\/appointment\/","title":{"rendered":"Make an appointment online"},"content":{"rendered":"[vc_row type=&#8221;in_container&#8221; full_screen_row_position=&#8221;middle&#8221; column_margin=&#8221;default&#8221; column_direction=&#8221;default&#8221; column_direction_tablet=&#8221;default&#8221; column_direction_phone=&#8221;default&#8221; full_height=&#8221;yes&#8221; scene_position=&#8221;center&#8221; text_color=&#8221;dark&#8221; text_align=&#8221;left&#8221; row_border_radius=&#8221;none&#8221; row_border_radius_applies=&#8221;bg&#8221; overflow=&#8221;visible&#8221; advanced_gradient_angle=&#8221;0&#8243; overlay_strength=&#8221;0.3&#8243; gradient_direction=&#8221;left_to_right&#8221; shape_divider_position=&#8221;bottom&#8221; bg_image_animation=&#8221;none&#8221; gradient_type=&#8221;default&#8221; shape_type=&#8221;&#8221;][vc_column column_padding=&#8221;no-extra-padding&#8221; column_padding_tablet=&#8221;inherit&#8221; column_padding_phone=&#8221;inherit&#8221; column_padding_position=&#8221;all&#8221; column_element_spacing=&#8221;default&#8221; centered_text=&#8221;true&#8221; background_color_opacity=&#8221;1&#8243; background_hover_color_opacity=&#8221;1&#8243; column_shadow=&#8221;none&#8221; column_border_radius=&#8221;none&#8221; column_link_target=&#8221;_self&#8221; column_position=&#8221;default&#8221; advanced_gradient_angle=&#8221;0&#8243; gradient_direction=&#8221;left_to_right&#8221; overlay_strength=&#8221;0.3&#8243; width=&#8221;1\/1&#8243; tablet_width_inherit=&#8221;default&#8221; tablet_text_alignment=&#8221;default&#8221; phone_text_alignment=&#8221;default&#8221; animation_type=&#8221;default&#8221; bg_image_animation=&#8221;none&#8221; border_type=&#8221;simple&#8221; column_border_width=&#8221;none&#8221; column_border_style=&#8221;solid&#8221; gradient_type=&#8221;default&#8221;][vc_column_text]\n<h1>MAKE AN APPOINTMENT ONLINE<\/h1>\n<p>Make your desired appointment directly online:[\/vc_column_text][nectar_btn size=&#8221;large&#8221; button_style=&#8221;regular&#8221; button_color_2=&#8221;Accent-Color&#8221; icon_family=&#8221;none&#8221; text=&#8221;BOOK APPOINTMENT ONLINE&#8221; url=&#8221;javascript:toggleDrFlexAppointments()&#8221;][\/vc_column][\/vc_row]\n","protected":false},"excerpt":{"rendered":"<p>[vc_row type=&#8221;in_container&#8221; full_screen_row_position=&#8221;middle&#8221; column_margin=&#8221;default&#8221; column_direction=&#8221;default&#8221; column_direction_tablet=&#8221;default&#8221; column_direction_phone=&#8221;default&#8221; full_height=&#8221;yes&#8221; scene_position=&#8221;center&#8221; text_color=&#8221;dark&#8221; text_align=&#8221;left&#8221; row_border_radius=&#8221;none&#8221; row_border_radius_applies=&#8221;bg&#8221; overflow=&#8221;visible&#8221; advanced_gradient_angle=&#8221;0&#8243; overlay_strength=&#8221;0.3&#8243; gradient_direction=&#8221;left_to_right&#8221; shape_divider_position=&#8221;bottom&#8221; bg_image_animation=&#8221;none&#8221; gradient_type=&#8221;default&#8221; shape_type=&#8221;&#8221;][vc_column column_padding=&#8221;no-extra-padding&#8221; column_padding_tablet=&#8221;inherit&#8221; column_padding_phone=&#8221;inherit&#8221; column_padding_position=&#8221;all&#8221; column_element_spacing=&#8221;default&#8221; centered_text=&#8221;true&#8221; background_color_opacity=&#8221;1&#8243; background_hover_color_opacity=&#8221;1&#8243; column_shadow=&#8221;none&#8221;&#8230;<\/p>\n","protected":false},"author":4,"featured_media":0,"parent":0,"menu_order":0,"comment_status":"closed","ping_status":"closed","template":"","meta":{"inline_featured_image":false,"footnotes":""},"class_list":["post-2369","page","type-page","status-publish"],"yoast_head":"<!-- This site is optimized with the Yoast SEO plugin v27.4 - https:\/\/yoast.com\/product\/yoast-seo-wordpress\/ -->\n<title>Make an appointment online | m\u00fclheimdental | dentist M\u00fclheim<\/title>\n<meta name=\"description\" content=\"Book an appointment easily and directly online | our booking portal |m\u00fclheimdental - simply your practice.\" \/>\n<meta name=\"robots\" content=\"index, follow, max-snippet:-1, max-image-preview:large, max-video-preview:-1\" \/>\n<link rel=\"canonical\" href=\"https:\/\/muelheimdental.de\/en\/appointment\/\" \/>\n<meta property=\"og:locale\" content=\"en_US\" \/>\n<meta property=\"og:type\" content=\"article\" \/>\n<meta property=\"og:title\" content=\"Make an appointment online | m\u00fclheimdental | dentist M\u00fclheim\" \/>\n<meta property=\"og:description\" content=\"Book an appointment easily and directly online | our booking portal |m\u00fclheimdental - simply your practice.\" \/>\n<meta property=\"og:url\" content=\"https:\/\/muelheimdental.de\/en\/appointment\/\" \/>\n<meta property=\"og:site_name\" content=\"Zahnarzt m\u00fclheimdental - Dr. D. Leith\u00e4user\" \/>\n<meta property=\"article:modified_time\" content=\"2022-08-10T13:43:02+00:00\" \/>\n<meta name=\"twitter:card\" content=\"summary_large_image\" \/>\n<meta name=\"twitter:label1\" content=\"Est. reading time\" \/>\n\t<meta name=\"twitter:data1\" content=\"1 minute\" \/>\n<script type=\"application\/ld+json\" class=\"yoast-schema-graph\">{\"@context\":\"https:\\\/\\\/schema.org\",\"@graph\":[{\"@type\":\"WebPage\",\"@id\":\"https:\\\/\\\/muelheimdental.de\\\/en\\\/appointment\\\/\",\"url\":\"https:\\\/\\\/muelheimdental.de\\\/en\\\/appointment\\\/\",\"name\":\"Make an appointment online | m\u00fclheimdental | dentist M\u00fclheim\",\"isPartOf\":{\"@id\":\"https:\\\/\\\/muelheimdental.de\\\/en\\\/#website\"},\"datePublished\":\"2022-04-05T09:31:12+00:00\",\"dateModified\":\"2022-08-10T13:43:02+00:00\",\"description\":\"Book an appointment easily and directly online | our booking portal |m\u00fclheimdental - simply your practice.\",\"breadcrumb\":{\"@id\":\"https:\\\/\\\/muelheimdental.de\\\/en\\\/appointment\\\/#breadcrumb\"},\"inLanguage\":\"en-US\",\"potentialAction\":[{\"@type\":\"ReadAction\",\"target\":[\"https:\\\/\\\/muelheimdental.de\\\/en\\\/appointment\\\/\"]}]},{\"@type\":\"BreadcrumbList\",\"@id\":\"https:\\\/\\\/muelheimdental.de\\\/en\\\/appointment\\\/#breadcrumb\",\"itemListElement\":[{\"@type\":\"ListItem\",\"position\":1,\"name\":\"Startseite\",\"item\":\"https:\\\/\\\/muelheimdental.de\\\/en\\\/home-page\\\/\"},{\"@type\":\"ListItem\",\"position\":2,\"name\":\"Make an appointment online\"}]},{\"@type\":\"WebSite\",\"@id\":\"https:\\\/\\\/muelheimdental.de\\\/en\\\/#website\",\"url\":\"https:\\\/\\\/muelheimdental.de\\\/en\\\/\",\"name\":\"Zahnarzt m\u00fclheimdental - Dr. D. Leith\u00e4user\",\"description\":\"M\u00fclheim &amp; Essen\",\"publisher\":{\"@id\":\"https:\\\/\\\/muelheimdental.de\\\/en\\\/#organization\"},\"potentialAction\":[{\"@type\":\"SearchAction\",\"target\":{\"@type\":\"EntryPoint\",\"urlTemplate\":\"https:\\\/\\\/muelheimdental.de\\\/en\\\/?s={search_term_string}\"},\"query-input\":{\"@type\":\"PropertyValueSpecification\",\"valueRequired\":true,\"valueName\":\"search_term_string\"}}],\"inLanguage\":\"en-US\"},{\"@type\":\"Organization\",\"@id\":\"https:\\\/\\\/muelheimdental.de\\\/en\\\/#organization\",\"name\":\"m\u00fclheimdental \u00b7 Einfach deine Praxis.\",\"url\":\"https:\\\/\\\/muelheimdental.de\\\/en\\\/\",\"logo\":{\"@type\":\"ImageObject\",\"inLanguage\":\"en-US\",\"@id\":\"https:\\\/\\\/muelheimdental.de\\\/en\\\/#\\\/schema\\\/logo\\\/image\\\/\",\"url\":\"https:\\\/\\\/muelheimdental.de\\\/wp-content\\\/uploads\\\/muelheimdental-og-image-1\",\"contentUrl\":\"https:\\\/\\\/muelheimdental.de\\\/wp-content\\\/uploads\\\/muelheimdental-og-image-1\",\"width\":960,\"height\":540,\"caption\":\"m\u00fclheimdental \u00b7 Einfach deine Praxis.\"},\"image\":{\"@id\":\"https:\\\/\\\/muelheimdental.de\\\/en\\\/#\\\/schema\\\/logo\\\/image\\\/\"}}]}<\/script>\n<!-- \/ Yoast SEO plugin. -->","yoast_head_json":{"title":"Make an appointment online | m\u00fclheimdental | dentist M\u00fclheim","description":"Book an appointment easily and directly online | our booking portal |m\u00fclheimdental - simply your practice.","robots":{"index":"index","follow":"follow","max-snippet":"max-snippet:-1","max-image-preview":"max-image-preview:large","max-video-preview":"max-video-preview:-1"},"canonical":"https:\/\/muelheimdental.de\/en\/appointment\/","og_locale":"en_US","og_type":"article","og_title":"Make an appointment online | m\u00fclheimdental | dentist M\u00fclheim","og_description":"Book an appointment easily and directly online | our booking portal |m\u00fclheimdental - simply your practice.","og_url":"https:\/\/muelheimdental.de\/en\/appointment\/","og_site_name":"Zahnarzt m\u00fclheimdental - Dr. D. Leith\u00e4user","article_modified_time":"2022-08-10T13:43:02+00:00","twitter_card":"summary_large_image","twitter_misc":{"Est. reading time":"1 minute"},"schema":{"@context":"https:\/\/schema.org","@graph":[{"@type":"WebPage","@id":"https:\/\/muelheimdental.de\/en\/appointment\/","url":"https:\/\/muelheimdental.de\/en\/appointment\/","name":"Make an appointment online | m\u00fclheimdental | dentist M\u00fclheim","isPartOf":{"@id":"https:\/\/muelheimdental.de\/en\/#website"},"datePublished":"2022-04-05T09:31:12+00:00","dateModified":"2022-08-10T13:43:02+00:00","description":"Book an appointment easily and directly online | our booking portal |m\u00fclheimdental - simply your practice.","breadcrumb":{"@id":"https:\/\/muelheimdental.de\/en\/appointment\/#breadcrumb"},"inLanguage":"en-US","potentialAction":[{"@type":"ReadAction","target":["https:\/\/muelheimdental.de\/en\/appointment\/"]}]},{"@type":"BreadcrumbList","@id":"https:\/\/muelheimdental.de\/en\/appointment\/#breadcrumb","itemListElement":[{"@type":"ListItem","position":1,"name":"Startseite","item":"https:\/\/muelheimdental.de\/en\/home-page\/"},{"@type":"ListItem","position":2,"name":"Make an appointment online"}]},{"@type":"WebSite","@id":"https:\/\/muelheimdental.de\/en\/#website","url":"https:\/\/muelheimdental.de\/en\/","name":"Zahnarzt m\u00fclheimdental - Dr. D. Leith\u00e4user","description":"M\u00fclheim &amp; Essen","publisher":{"@id":"https:\/\/muelheimdental.de\/en\/#organization"},"potentialAction":[{"@type":"SearchAction","target":{"@type":"EntryPoint","urlTemplate":"https:\/\/muelheimdental.de\/en\/?s={search_term_string}"},"query-input":{"@type":"PropertyValueSpecification","valueRequired":true,"valueName":"search_term_string"}}],"inLanguage":"en-US"},{"@type":"Organization","@id":"https:\/\/muelheimdental.de\/en\/#organization","name":"m\u00fclheimdental \u00b7 Einfach deine Praxis.","url":"https:\/\/muelheimdental.de\/en\/","logo":{"@type":"ImageObject","inLanguage":"en-US","@id":"https:\/\/muelheimdental.de\/en\/#\/schema\/logo\/image\/","url":"https:\/\/muelheimdental.de\/wp-content\/uploads\/muelheimdental-og-image-1","contentUrl":"https:\/\/muelheimdental.de\/wp-content\/uploads\/muelheimdental-og-image-1","width":960,"height":540,"caption":"m\u00fclheimdental \u00b7 Einfach deine Praxis."},"image":{"@id":"https:\/\/muelheimdental.de\/en\/#\/schema\/logo\/image\/"}}]}},"_links":{"self":[{"href":"https:\/\/muelheimdental.de\/en\/wp-json\/wp\/v2\/pages\/2369","targetHints":{"allow":["GET"]}}],"collection":[{"href":"https:\/\/muelheimdental.de\/en\/wp-json\/wp\/v2\/pages"}],"about":[{"href":"https:\/\/muelheimdental.de\/en\/wp-json\/wp\/v2\/types\/page"}],"author":[{"embeddable":true,"href":"https:\/\/muelheimdental.de\/en\/wp-json\/wp\/v2\/users\/4"}],"replies":[{"embeddable":true,"href":"https:\/\/muelheimdental.de\/en\/wp-json\/wp\/v2\/comments?post=2369"}],"version-history":[{"count":4,"href":"https:\/\/muelheimdental.de\/en\/wp-json\/wp\/v2\/pages\/2369\/revisions"}],"predecessor-version":[{"id":2395,"href":"https:\/\/muelheimdental.de\/en\/wp-json\/wp\/v2\/pages\/2369\/revisions\/2395"}],"wp:attachment":[{"href":"https:\/\/muelheimdental.de\/en\/wp-json\/wp\/v2\/media?parent=2369"}],"curies":[{"name":"wp","href":"https:\/\/api.w.org\/{rel}","templated":true}]}}