{"id":3109,"date":"2023-08-16T11:41:50","date_gmt":"2023-08-16T11:41:50","guid":{"rendered":"https:\/\/muelheimdental.de\/?page_id=3109"},"modified":"2023-11-29T09:13:30","modified_gmt":"2023-11-29T09:13:30","slug":"wybielanie","status":"publish","type":"page","link":"https:\/\/muelheimdental.de\/pl\/zabiegi-stomatologiczne\/wybielanie\/","title":{"rendered":"Wybielanie"},"content":{"rendered":"[vc_row type=&#8221;in_container&#8221; full_screen_row_position=&#8221;middle&#8221; column_margin=&#8221;default&#8221; column_direction=&#8221;default&#8221; column_direction_tablet=&#8221;default&#8221; column_direction_phone=&#8221;default&#8221; scene_position=&#8221;center&#8221; text_color=&#8221;dark&#8221; text_align=&#8221;left&#8221; row_border_radius=&#8221;none&#8221; row_border_radius_applies=&#8221;bg&#8221; overflow=&#8221;visible&#8221; overlay_strength=&#8221;0.3&#8243; gradient_direction=&#8221;left_to_right&#8221; shape_divider_position=&#8221;bottom&#8221; bg_image_animation=&#8221;none&#8221;][vc_column column_padding=&#8221;no-extra-padding&#8221; column_padding_tablet=&#8221;inherit&#8221; column_padding_phone=&#8221;inherit&#8221; column_padding_position=&#8221;all&#8221; column_element_spacing=&#8221;default&#8221; background_color_opacity=&#8221;1&#8243; background_hover_color_opacity=&#8221;1&#8243; column_shadow=&#8221;none&#8221; column_border_radius=&#8221;none&#8221; column_link_target=&#8221;_self&#8221; column_position=&#8221;default&#8221; gradient_direction=&#8221;left_to_right&#8221; overlay_strength=&#8221;0.3&#8243; width=&#8221;1\/1&#8243; tablet_width_inherit=&#8221;default&#8221; tablet_text_alignment=&#8221;default&#8221; phone_text_alignment=&#8221;default&#8221; animation_type=&#8221;default&#8221; bg_image_animation=&#8221;none&#8221; border_type=&#8221;simple&#8221; column_border_width=&#8221;none&#8221; column_border_style=&#8221;solid&#8221;][divider line_type=&#8221;No Line&#8221; custom_height=&#8221;90&#8243; custom_height_phone=&#8221;60&#8243; custom_height_tablet=&#8221;60&#8243;][\/vc_column][\/vc_row][vc_row type=&#8221;full_width_background&#8221; full_screen_row_position=&#8221;middle&#8221; column_margin=&#8221;default&#8221; equal_height=&#8221;yes&#8221; content_placement=&#8221;middle&#8221; column_direction=&#8221;default&#8221; column_direction_tablet=&#8221;default&#8221; column_direction_phone=&#8221;default&#8221; bg_image=&#8221;1773&#8243; bg_position=&#8221;center center&#8221; background_image_loading=&#8221;default&#8221; bg_repeat=&#8221;no-repeat&#8221; scene_position=&#8221;center&#8221; text_color=&#8221;light&#8221; text_align=&#8221;left&#8221; row_border_radius=&#8221;none&#8221; row_border_radius_applies=&#8221;bg&#8221; overflow=&#8221;visible&#8221; color_overlay=&#8221;#000000&#8243; advanced_gradient_angle=&#8221;0&#8243; overlay_strength=&#8221;0.5&#8243; gradient_direction=&#8221;left_to_right&#8221; shape_divider_position=&#8221;bottom&#8221; bg_image_animation=&#8221;fade-in&#8221; parallax_bg=&#8221;true&#8221; parallax_bg_speed=&#8221;fast&#8221; gradient_type=&#8221;default&#8221; shape_type=&#8221;&#8221;][vc_column column_padding=&#8221;padding-10-percent&#8221; column_padding_tablet=&#8221;inherit&#8221; column_padding_phone=&#8221;inherit&#8221; column_padding_position=&#8221;all&#8221; column_element_spacing=&#8221;default&#8221; centered_text=&#8221;true&#8221; background_color_opacity=&#8221;1&#8243; background_hover_color_opacity=&#8221;1&#8243; column_shadow=&#8221;none&#8221; column_border_radius=&#8221;none&#8221; column_link_target=&#8221;_self&#8221; column_position=&#8221;default&#8221; advanced_gradient_angle=&#8221;0&#8243; gradient_direction=&#8221;left_to_right&#8221; overlay_strength=&#8221;0.3&#8243; width=&#8221;1\/1&#8243; tablet_width_inherit=&#8221;default&#8221; tablet_text_alignment=&#8221;default&#8221; phone_text_alignment=&#8221;default&#8221; animation_type=&#8221;default&#8221; bg_image_animation=&#8221;none&#8221; border_type=&#8221;simple&#8221; column_border_width=&#8221;none&#8221; column_border_style=&#8221;solid&#8221; gradient_type=&#8221;default&#8221;][vc_column_text]<span><span><a href=\"https:\/\/muelheimdental.de\/pl\/strona-glowna\/\">Startseite<\/a><\/span><\/span>[\/vc_column_text][split_line_heading animation_type=&#8221;line-reveal-by-space&#8221; font_style=&#8221;h1&#8243; text_color=&#8221;#ffffff&#8221; line_reveal_by_space_text_effect=&#8221;none&#8221; content_alignment=&#8221;default&#8221; mobile_content_alignment=&#8221;inherit&#8221; link_target=&#8221;_self&#8221; text_content=&#8221;Wybielanie&#8221; font_size=&#8221;3vw&#8221;][\/split_line_heading][\/vc_column][\/vc_row][vc_row type=&#8221;in_container&#8221; full_screen_row_position=&#8221;middle&#8221; column_margin=&#8221;default&#8221; column_direction=&#8221;default&#8221; column_direction_tablet=&#8221;default&#8221; column_direction_phone=&#8221;default&#8221; scene_position=&#8221;center&#8221; top_margin=&#8221;7%&#8221; constrain_group_7=&#8221;yes&#8221; bottom_margin=&#8221;7%&#8221; text_color=&#8221;dark&#8221; text_align=&#8221;left&#8221; row_border_radius=&#8221;none&#8221; row_border_radius_applies=&#8221;bg&#8221; overflow=&#8221;visible&#8221; advanced_gradient_angle=&#8221;0&#8243; overlay_strength=&#8221;0.3&#8243; gradient_direction=&#8221;left_to_right&#8221; shape_divider_position=&#8221;bottom&#8221; bg_image_animation=&#8221;none&#8221; gradient_type=&#8221;default&#8221; shape_type=&#8221;&#8221;][vc_column column_padding=&#8221;no-extra-padding&#8221; column_padding_tablet=&#8221;inherit&#8221; column_padding_phone=&#8221;inherit&#8221; column_padding_position=&#8221;all&#8221; column_element_spacing=&#8221;default&#8221; background_color_opacity=&#8221;1&#8243; background_hover_color_opacity=&#8221;1&#8243; column_shadow=&#8221;none&#8221; column_border_radius=&#8221;none&#8221; column_link_target=&#8221;_self&#8221; column_position=&#8221;default&#8221; advanced_gradient_angle=&#8221;0&#8243; gradient_direction=&#8221;left_to_right&#8221; overlay_strength=&#8221;0.3&#8243; width=&#8221;1\/2&#8243; tablet_width_inherit=&#8221;default&#8221; tablet_text_alignment=&#8221;default&#8221; phone_text_alignment=&#8221;default&#8221; animation_type=&#8221;default&#8221; enable_animation=&#8221;true&#8221; animation=&#8221;fade-in-from-bottom&#8221; bg_image_animation=&#8221;none&#8221; border_type=&#8221;simple&#8221; column_border_width=&#8221;none&#8221; column_border_style=&#8221;solid&#8221; gradient_type=&#8221;default&#8221;][image_with_animation image_url=&#8221;3032&#8243; image_size=&#8221;full&#8221; animation_type=&#8221;entrance&#8221; animation=&#8221;Fade In&#8221; hover_animation=&#8221;none&#8221; alignment=&#8221;&#8221; border_radius=&#8221;none&#8221; box_shadow=&#8221;none&#8221; image_loading=&#8221;default&#8221; max_width=&#8221;100%&#8221; max_width_mobile=&#8221;default&#8221;][\/vc_column][vc_column column_padding=&#8221;no-extra-padding&#8221; column_padding_tablet=&#8221;inherit&#8221; column_padding_phone=&#8221;inherit&#8221; column_padding_position=&#8221;all&#8221; column_element_spacing=&#8221;default&#8221; background_color_opacity=&#8221;1&#8243; background_hover_color_opacity=&#8221;1&#8243; column_shadow=&#8221;none&#8221; column_border_radius=&#8221;none&#8221; column_link_target=&#8221;_self&#8221; column_position=&#8221;default&#8221; advanced_gradient_angle=&#8221;0&#8243; gradient_direction=&#8221;left_to_right&#8221; overlay_strength=&#8221;0.3&#8243; width=&#8221;1\/2&#8243; tablet_width_inherit=&#8221;default&#8221; tablet_text_alignment=&#8221;default&#8221; phone_text_alignment=&#8221;default&#8221; animation_type=&#8221;default&#8221; enable_animation=&#8221;true&#8221; animation=&#8221;fade-in-from-bottom&#8221; bg_image_animation=&#8221;none&#8221; border_type=&#8221;simple&#8221; column_border_width=&#8221;none&#8221; column_border_style=&#8221;solid&#8221; gradient_type=&#8221;default&#8221;][vc_column_text]Wybielanie z\u0119b\u00f3w metod\u0105 wybielania zapewnia estetycznie pi\u0119kne z\u0119by: przebarwienia, nier\u00f3wnomierny kolor z\u0119b\u00f3w lub \u017c\u00f3\u0142te z\u0119by mog\u0105 zaburza\u0107 estetyk\u0119 z\u0119b\u00f3w. Podczas profesjonalnego wybielania z\u0119by s\u0105 najpierw dok\u0142adnie badane i czyszczone. Nast\u0119pnie z\u0119by s\u0105 wybielane za pomoc\u0105 specjalnego \u017celu i lampy UV w gabinecie. Zabieg trwa oko\u0142o 45-60 minut. W przypadku powa\u017cniejszych przebarwie\u0144 cz\u0119sto konieczne jest powt\u00f3rzenie procesu, aby uzyska\u0107 po\u017c\u0105dane rezultaty. Nast\u0119pnie przez pewien okres czasu zalecamy stosowanie tzw. bia\u0142ej diety, aby unikn\u0105\u0107 przebarwie\u0144 z\u0119b\u00f3w bezpo\u015brednio po wybielaniu. Ponadto z\u0119by mog\u0105 przez kr\u00f3tki czas reagowa\u0107 nadwra\u017cliwo\u015bci\u0105 na zimno, przeciwko czemu podajemy okre\u015blon\u0105 past\u0119. Stan ten mo\u017ce trwa\u0107 od 1 do 2 dni, ale d\u0142ugotrwa\u0142e uszkodzenia nie s\u0105 znane. W zale\u017cno\u015bci od indywidualnego stylu \u017cycia i spo\u017cycia np. papieros\u00f3w lub czerwonego wina, z\u0119by pozostaj\u0105 bia\u0142e przez oko\u0142o 3 lata po wybielaniu.[\/vc_column_text][\/vc_column][\/vc_row][vc_row type=&#8221;in_container&#8221; full_screen_row_position=&#8221;middle&#8221; column_margin=&#8221;none&#8221; equal_height=&#8221;yes&#8221; column_direction=&#8221;default&#8221; column_direction_tablet=&#8221;default&#8221; column_direction_phone=&#8221;default&#8221; scene_position=&#8221;center&#8221; bottom_padding=&#8221;7%&#8221; text_color=&#8221;light&#8221; text_align=&#8221;left&#8221; row_border_radius=&#8221;20px&#8221; row_border_radius_applies=&#8221;inner&#8221; overflow=&#8221;visible&#8221; disable_element=&#8221;yes&#8221; advanced_gradient_angle=&#8221;0&#8243; overlay_strength=&#8221;0.3&#8243; gradient_direction=&#8221;left_to_right&#8221; shape_divider_position=&#8221;bottom&#8221; bg_image_animation=&#8221;none&#8221; gradient_type=&#8221;default&#8221; shape_type=&#8221;&#8221;][vc_column column_padding=&#8221;no-extra-padding&#8221; column_padding_tablet=&#8221;inherit&#8221; column_padding_phone=&#8221;inherit&#8221; column_padding_position=&#8221;all&#8221; column_element_spacing=&#8221;default&#8221; background_color_opacity=&#8221;1&#8243; background_hover_color_opacity=&#8221;1&#8243; background_image=&#8221;1773&#8243; background_image_position=&#8221;center center&#8221; enable_bg_scale=&#8221;true&#8221; background_image_loading=&#8221;default&#8221; column_shadow=&#8221;none&#8221; column_border_radius=&#8221;none&#8221; column_link_target=&#8221;_self&#8221; column_position=&#8221;default&#8221; advanced_gradient_angle=&#8221;0&#8243; gradient_direction=&#8221;left_to_right&#8221; overlay_strength=&#8221;0.3&#8243; width=&#8221;1\/2&#8243; tablet_width_inherit=&#8221;default&#8221; tablet_text_alignment=&#8221;default&#8221; phone_text_alignment=&#8221;default&#8221; animation_type=&#8221;default&#8221; bg_image_animation=&#8221;none&#8221; border_type=&#8221;simple&#8221; column_border_width=&#8221;none&#8221; column_border_style=&#8221;solid&#8221; gradient_type=&#8221;default&#8221;][\/vc_column][vc_column column_padding=&#8221;padding-5-percent&#8221; column_padding_tablet=&#8221;inherit&#8221; column_padding_phone=&#8221;inherit&#8221; column_padding_position=&#8221;all&#8221; column_element_spacing=&#8221;default&#8221; background_color=&#8221;#d22539&#8243; background_color_opacity=&#8221;1&#8243; background_hover_color_opacity=&#8221;1&#8243; column_shadow=&#8221;none&#8221; column_border_radius=&#8221;none&#8221; column_link_target=&#8221;_self&#8221; column_position=&#8221;default&#8221; advanced_gradient_angle=&#8221;0&#8243; gradient_direction=&#8221;left_to_right&#8221; overlay_strength=&#8221;0.3&#8243; width=&#8221;1\/2&#8243; tablet_width_inherit=&#8221;default&#8221; tablet_text_alignment=&#8221;default&#8221; phone_text_alignment=&#8221;default&#8221; animation_type=&#8221;default&#8221; bg_image_animation=&#8221;none&#8221; border_type=&#8221;simple&#8221; column_border_width=&#8221;none&#8221; column_border_style=&#8221;solid&#8221; gradient_type=&#8221;default&#8221;][split_line_heading animation_type=&#8221;line-reveal-by-space&#8221; font_style=&#8221;h4&#8243; line_reveal_by_space_text_effect=&#8221;default&#8221; content_alignment=&#8221;default&#8221; mobile_content_alignment=&#8221;inherit&#8221; link_target=&#8221;_self&#8221; text_content=&#8221;Kosten:&#8221;][\/split_line_heading][vc_column_text]Die Kosten h\u00e4ngen vom Bleaching Verfahren ab. Beim Home-Bleaching mit Schienen liegen die Kosten bei ca. 290 Euro. Das In-Office-Bleaching mit Lampe und hochprozentigem Gel kostet ca. 390 Euro. Das Kombi Bleaching (Office+Schienen) mit bestem Ergebnis liegt bei ca. 490 Euro.[\/vc_column_text][\/vc_column][\/vc_row][vc_row type=&#8221;in_container&#8221; full_screen_row_position=&#8221;middle&#8221; column_margin=&#8221;default&#8221; column_direction=&#8221;default&#8221; column_direction_tablet=&#8221;default&#8221; column_direction_phone=&#8221;default&#8221; scene_position=&#8221;center&#8221; bottom_margin=&#8221;7%&#8221; text_color=&#8221;dark&#8221; text_align=&#8221;left&#8221; row_border_radius=&#8221;none&#8221; row_border_radius_applies=&#8221;bg&#8221; overflow=&#8221;visible&#8221; advanced_gradient_angle=&#8221;0&#8243; overlay_strength=&#8221;0.3&#8243; gradient_direction=&#8221;left_to_right&#8221; shape_divider_position=&#8221;bottom&#8221; bg_image_animation=&#8221;none&#8221; gradient_type=&#8221;default&#8221; shape_type=&#8221;&#8221;][vc_column column_padding=&#8221;no-extra-padding&#8221; column_padding_tablet=&#8221;inherit&#8221; column_padding_phone=&#8221;inherit&#8221; column_padding_position=&#8221;all&#8221; column_element_spacing=&#8221;default&#8221; background_color_opacity=&#8221;1&#8243; background_hover_color_opacity=&#8221;1&#8243; column_shadow=&#8221;none&#8221; column_border_radius=&#8221;none&#8221; column_link_target=&#8221;_self&#8221; column_position=&#8221;default&#8221; gradient_direction=&#8221;left_to_right&#8221; overlay_strength=&#8221;0.3&#8243; width=&#8221;1\/1&#8243; tablet_width_inherit=&#8221;default&#8221; tablet_text_alignment=&#8221;default&#8221; phone_text_alignment=&#8221;default&#8221; animation_type=&#8221;default&#8221; bg_image_animation=&#8221;none&#8221; border_type=&#8221;simple&#8221; column_border_width=&#8221;none&#8221; column_border_style=&#8221;solid&#8221;][nectar_btn size=&#8221;small&#8221; button_style=&#8221;regular&#8221; button_color_2=&#8221;Accent-Color&#8221; icon_family=&#8221;none&#8221; text=&#8221;z powrotem&#8221; url=&#8221;\/pl\/zabiegi-stomatologiczne\/&#8221;][\/vc_column][\/vc_row]\n","protected":false},"excerpt":{"rendered":"<p>[vc_row type=&#8221;in_container&#8221; full_screen_row_position=&#8221;middle&#8221; column_margin=&#8221;default&#8221; column_direction=&#8221;default&#8221; column_direction_tablet=&#8221;default&#8221; column_direction_phone=&#8221;default&#8221; scene_position=&#8221;center&#8221; text_color=&#8221;dark&#8221; text_align=&#8221;left&#8221; row_border_radius=&#8221;none&#8221; row_border_radius_applies=&#8221;bg&#8221; overflow=&#8221;visible&#8221; overlay_strength=&#8221;0.3&#8243; gradient_direction=&#8221;left_to_right&#8221; shape_divider_position=&#8221;bottom&#8221; bg_image_animation=&#8221;none&#8221;][vc_column column_padding=&#8221;no-extra-padding&#8221; column_padding_tablet=&#8221;inherit&#8221; column_padding_phone=&#8221;inherit&#8221; column_padding_position=&#8221;all&#8221; column_element_spacing=&#8221;default&#8221; background_color_opacity=&#8221;1&#8243; background_hover_color_opacity=&#8221;1&#8243; column_shadow=&#8221;none&#8221; column_border_radius=&#8221;none&#8221; column_link_target=&#8221;_self&#8221; column_position=&#8221;default&#8221; gradient_direction=&#8221;left_to_right&#8221; overlay_strength=&#8221;0.3&#8243;&#8230;<\/p>\n","protected":false},"author":4,"featured_media":0,"parent":3170,"menu_order":0,"comment_status":"closed","ping_status":"closed","template":"","meta":{"inline_featured_image":false,"footnotes":""},"class_list":["post-3109","page","type-page","status-publish"],"yoast_head":"<!-- This site is optimized with the Yoast SEO plugin v27.3 - https:\/\/yoast.com\/product\/yoast-seo-wordpress\/ -->\n<title>Behandlung |\u00a0m\u00fclheimdental | Zahnarzt M\u00fclheim an der Ruhr<\/title>\n<meta name=\"description\" content=\"Werfen Sie einen Blick auf unsere Leistungen: Von Anamnese bis Zahnversorgung stehen Ihnen viele M\u00f6glichkeiten der Wybielanie zur Auswahl.\" \/>\n<meta name=\"robots\" content=\"index, follow, max-snippet:-1, max-image-preview:large, max-video-preview:-1\" \/>\n<link rel=\"canonical\" href=\"https:\/\/muelheimdental.de\/pl\/zabiegi-stomatologiczne\/wybielanie\/\" \/>\n<meta property=\"og:locale\" content=\"pl_PL\" \/>\n<meta property=\"og:type\" content=\"article\" \/>\n<meta property=\"og:title\" content=\"Behandlung |\u00a0m\u00fclheimdental | Zahnarzt M\u00fclheim an der Ruhr\" \/>\n<meta property=\"og:description\" content=\"Werfen Sie einen Blick auf unsere Leistungen: Von Anamnese bis Zahnversorgung stehen Ihnen viele M\u00f6glichkeiten der Wybielanie zur Auswahl.\" \/>\n<meta property=\"og:url\" content=\"https:\/\/muelheimdental.de\/pl\/zabiegi-stomatologiczne\/wybielanie\/\" \/>\n<meta property=\"og:site_name\" content=\"Zahnarzt m\u00fclheimdental - Dr. D. Leith\u00e4user\" \/>\n<meta property=\"article:modified_time\" content=\"2023-11-29T09:13:30+00:00\" \/>\n<meta name=\"twitter:card\" content=\"summary_large_image\" \/>\n<meta name=\"twitter:label1\" content=\"Szacowany czas czytania\" \/>\n\t<meta name=\"twitter:data1\" content=\"3 minuty\" \/>\n<script type=\"application\/ld+json\" class=\"yoast-schema-graph\">{\"@context\":\"https:\\\/\\\/schema.org\",\"@graph\":[{\"@type\":\"WebPage\",\"@id\":\"https:\\\/\\\/muelheimdental.de\\\/pl\\\/zabiegi-stomatologiczne\\\/wybielanie\\\/\",\"url\":\"https:\\\/\\\/muelheimdental.de\\\/pl\\\/zabiegi-stomatologiczne\\\/wybielanie\\\/\",\"name\":\"Behandlung |\u00a0m\u00fclheimdental | Zahnarzt M\u00fclheim an der Ruhr\",\"isPartOf\":{\"@id\":\"https:\\\/\\\/muelheimdental.de\\\/pl\\\/#website\"},\"datePublished\":\"2023-08-16T11:41:50+00:00\",\"dateModified\":\"2023-11-29T09:13:30+00:00\",\"description\":\"Werfen Sie einen Blick auf unsere Leistungen: Von Anamnese bis Zahnversorgung stehen Ihnen viele M\u00f6glichkeiten der Wybielanie zur Auswahl.\",\"breadcrumb\":{\"@id\":\"https:\\\/\\\/muelheimdental.de\\\/pl\\\/zabiegi-stomatologiczne\\\/wybielanie\\\/#breadcrumb\"},\"inLanguage\":\"pl-PL\",\"potentialAction\":[{\"@type\":\"ReadAction\",\"target\":[\"https:\\\/\\\/muelheimdental.de\\\/pl\\\/zabiegi-stomatologiczne\\\/wybielanie\\\/\"]}]},{\"@type\":\"BreadcrumbList\",\"@id\":\"https:\\\/\\\/muelheimdental.de\\\/pl\\\/zabiegi-stomatologiczne\\\/wybielanie\\\/#breadcrumb\",\"itemListElement\":[{\"@type\":\"ListItem\",\"position\":1,\"name\":\"Startseite\",\"item\":\"https:\\\/\\\/muelheimdental.de\\\/pl\\\/strona-glowna\\\/\"},{\"@type\":\"ListItem\",\"position\":2,\"name\":\"zabiegi stomatologiczne\",\"item\":\"https:\\\/\\\/muelheimdental.de\\\/pl\\\/zabiegi-stomatologiczne\\\/\"},{\"@type\":\"ListItem\",\"position\":3,\"name\":\"Wybielanie\"}]},{\"@type\":\"WebSite\",\"@id\":\"https:\\\/\\\/muelheimdental.de\\\/pl\\\/#website\",\"url\":\"https:\\\/\\\/muelheimdental.de\\\/pl\\\/\",\"name\":\"Zahnarzt m\u00fclheimdental - Dr. D. Leith\u00e4user\",\"description\":\"M\u00fclheim &amp; Essen\",\"publisher\":{\"@id\":\"https:\\\/\\\/muelheimdental.de\\\/pl\\\/#organization\"},\"potentialAction\":[{\"@type\":\"SearchAction\",\"target\":{\"@type\":\"EntryPoint\",\"urlTemplate\":\"https:\\\/\\\/muelheimdental.de\\\/pl\\\/?s={search_term_string}\"},\"query-input\":{\"@type\":\"PropertyValueSpecification\",\"valueRequired\":true,\"valueName\":\"search_term_string\"}}],\"inLanguage\":\"pl-PL\"},{\"@type\":\"Organization\",\"@id\":\"https:\\\/\\\/muelheimdental.de\\\/pl\\\/#organization\",\"name\":\"m\u00fclheimdental \u00b7 Einfach deine Praxis.\",\"url\":\"https:\\\/\\\/muelheimdental.de\\\/pl\\\/\",\"logo\":{\"@type\":\"ImageObject\",\"inLanguage\":\"pl-PL\",\"@id\":\"https:\\\/\\\/muelheimdental.de\\\/pl\\\/#\\\/schema\\\/logo\\\/image\\\/\",\"url\":\"https:\\\/\\\/muelheimdental.de\\\/wp-content\\\/uploads\\\/muelheimdental-og-image-1\",\"contentUrl\":\"https:\\\/\\\/muelheimdental.de\\\/wp-content\\\/uploads\\\/muelheimdental-og-image-1\",\"width\":960,\"height\":540,\"caption\":\"m\u00fclheimdental \u00b7 Einfach deine Praxis.\"},\"image\":{\"@id\":\"https:\\\/\\\/muelheimdental.de\\\/pl\\\/#\\\/schema\\\/logo\\\/image\\\/\"}}]}<\/script>\n<!-- \/ Yoast SEO plugin. -->","yoast_head_json":{"title":"Behandlung |\u00a0m\u00fclheimdental | Zahnarzt M\u00fclheim an der Ruhr","description":"Werfen Sie einen Blick auf unsere Leistungen: Von Anamnese bis Zahnversorgung stehen Ihnen viele M\u00f6glichkeiten der Wybielanie zur Auswahl.","robots":{"index":"index","follow":"follow","max-snippet":"max-snippet:-1","max-image-preview":"max-image-preview:large","max-video-preview":"max-video-preview:-1"},"canonical":"https:\/\/muelheimdental.de\/pl\/zabiegi-stomatologiczne\/wybielanie\/","og_locale":"pl_PL","og_type":"article","og_title":"Behandlung |\u00a0m\u00fclheimdental | Zahnarzt M\u00fclheim an der Ruhr","og_description":"Werfen Sie einen Blick auf unsere Leistungen: Von Anamnese bis Zahnversorgung stehen Ihnen viele M\u00f6glichkeiten der Wybielanie zur Auswahl.","og_url":"https:\/\/muelheimdental.de\/pl\/zabiegi-stomatologiczne\/wybielanie\/","og_site_name":"Zahnarzt m\u00fclheimdental - Dr. D. Leith\u00e4user","article_modified_time":"2023-11-29T09:13:30+00:00","twitter_card":"summary_large_image","twitter_misc":{"Szacowany czas czytania":"3 minuty"},"schema":{"@context":"https:\/\/schema.org","@graph":[{"@type":"WebPage","@id":"https:\/\/muelheimdental.de\/pl\/zabiegi-stomatologiczne\/wybielanie\/","url":"https:\/\/muelheimdental.de\/pl\/zabiegi-stomatologiczne\/wybielanie\/","name":"Behandlung |\u00a0m\u00fclheimdental | Zahnarzt M\u00fclheim an der Ruhr","isPartOf":{"@id":"https:\/\/muelheimdental.de\/pl\/#website"},"datePublished":"2023-08-16T11:41:50+00:00","dateModified":"2023-11-29T09:13:30+00:00","description":"Werfen Sie einen Blick auf unsere Leistungen: Von Anamnese bis Zahnversorgung stehen Ihnen viele M\u00f6glichkeiten der Wybielanie zur Auswahl.","breadcrumb":{"@id":"https:\/\/muelheimdental.de\/pl\/zabiegi-stomatologiczne\/wybielanie\/#breadcrumb"},"inLanguage":"pl-PL","potentialAction":[{"@type":"ReadAction","target":["https:\/\/muelheimdental.de\/pl\/zabiegi-stomatologiczne\/wybielanie\/"]}]},{"@type":"BreadcrumbList","@id":"https:\/\/muelheimdental.de\/pl\/zabiegi-stomatologiczne\/wybielanie\/#breadcrumb","itemListElement":[{"@type":"ListItem","position":1,"name":"Startseite","item":"https:\/\/muelheimdental.de\/pl\/strona-glowna\/"},{"@type":"ListItem","position":2,"name":"zabiegi stomatologiczne","item":"https:\/\/muelheimdental.de\/pl\/zabiegi-stomatologiczne\/"},{"@type":"ListItem","position":3,"name":"Wybielanie"}]},{"@type":"WebSite","@id":"https:\/\/muelheimdental.de\/pl\/#website","url":"https:\/\/muelheimdental.de\/pl\/","name":"Zahnarzt m\u00fclheimdental - Dr. D. Leith\u00e4user","description":"M\u00fclheim &amp; Essen","publisher":{"@id":"https:\/\/muelheimdental.de\/pl\/#organization"},"potentialAction":[{"@type":"SearchAction","target":{"@type":"EntryPoint","urlTemplate":"https:\/\/muelheimdental.de\/pl\/?s={search_term_string}"},"query-input":{"@type":"PropertyValueSpecification","valueRequired":true,"valueName":"search_term_string"}}],"inLanguage":"pl-PL"},{"@type":"Organization","@id":"https:\/\/muelheimdental.de\/pl\/#organization","name":"m\u00fclheimdental \u00b7 Einfach deine Praxis.","url":"https:\/\/muelheimdental.de\/pl\/","logo":{"@type":"ImageObject","inLanguage":"pl-PL","@id":"https:\/\/muelheimdental.de\/pl\/#\/schema\/logo\/image\/","url":"https:\/\/muelheimdental.de\/wp-content\/uploads\/muelheimdental-og-image-1","contentUrl":"https:\/\/muelheimdental.de\/wp-content\/uploads\/muelheimdental-og-image-1","width":960,"height":540,"caption":"m\u00fclheimdental \u00b7 Einfach deine Praxis."},"image":{"@id":"https:\/\/muelheimdental.de\/pl\/#\/schema\/logo\/image\/"}}]}},"_links":{"self":[{"href":"https:\/\/muelheimdental.de\/pl\/wp-json\/wp\/v2\/pages\/3109","targetHints":{"allow":["GET"]}}],"collection":[{"href":"https:\/\/muelheimdental.de\/pl\/wp-json\/wp\/v2\/pages"}],"about":[{"href":"https:\/\/muelheimdental.de\/pl\/wp-json\/wp\/v2\/types\/page"}],"author":[{"embeddable":true,"href":"https:\/\/muelheimdental.de\/pl\/wp-json\/wp\/v2\/users\/4"}],"replies":[{"embeddable":true,"href":"https:\/\/muelheimdental.de\/pl\/wp-json\/wp\/v2\/comments?post=3109"}],"version-history":[{"count":5,"href":"https:\/\/muelheimdental.de\/pl\/wp-json\/wp\/v2\/pages\/3109\/revisions"}],"predecessor-version":[{"id":3288,"href":"https:\/\/muelheimdental.de\/pl\/wp-json\/wp\/v2\/pages\/3109\/revisions\/3288"}],"up":[{"embeddable":true,"href":"https:\/\/muelheimdental.de\/pl\/wp-json\/wp\/v2\/pages\/3170"}],"wp:attachment":[{"href":"https:\/\/muelheimdental.de\/pl\/wp-json\/wp\/v2\/media?parent=3109"}],"curies":[{"name":"wp","href":"https:\/\/api.w.org\/{rel}","templated":true}]}}