{"id":3141,"date":"2023-08-16T12:19:55","date_gmt":"2023-08-16T12:19:55","guid":{"rendered":"https:\/\/muelheimdental.de\/?page_id=3141"},"modified":"2023-11-29T09:11:54","modified_gmt":"2023-11-29T09:11:54","slug":"cmd","status":"publish","type":"page","link":"https:\/\/muelheimdental.de\/pl\/zabiegi-stomatologiczne\/cmd\/","title":{"rendered":"CMD"},"content":{"rendered":"[vc_row type=&#8221;in_container&#8221; full_screen_row_position=&#8221;middle&#8221; column_margin=&#8221;default&#8221; column_direction=&#8221;default&#8221; column_direction_tablet=&#8221;default&#8221; column_direction_phone=&#8221;default&#8221; scene_position=&#8221;center&#8221; text_color=&#8221;dark&#8221; text_align=&#8221;left&#8221; row_border_radius=&#8221;none&#8221; row_border_radius_applies=&#8221;bg&#8221; overflow=&#8221;visible&#8221; overlay_strength=&#8221;0.3&#8243; gradient_direction=&#8221;left_to_right&#8221; shape_divider_position=&#8221;bottom&#8221; bg_image_animation=&#8221;none&#8221;][vc_column column_padding=&#8221;no-extra-padding&#8221; column_padding_tablet=&#8221;inherit&#8221; column_padding_phone=&#8221;inherit&#8221; column_padding_position=&#8221;all&#8221; column_element_spacing=&#8221;default&#8221; background_color_opacity=&#8221;1&#8243; background_hover_color_opacity=&#8221;1&#8243; column_shadow=&#8221;none&#8221; column_border_radius=&#8221;none&#8221; column_link_target=&#8221;_self&#8221; column_position=&#8221;default&#8221; gradient_direction=&#8221;left_to_right&#8221; overlay_strength=&#8221;0.3&#8243; width=&#8221;1\/1&#8243; tablet_width_inherit=&#8221;default&#8221; tablet_text_alignment=&#8221;default&#8221; phone_text_alignment=&#8221;default&#8221; animation_type=&#8221;default&#8221; bg_image_animation=&#8221;none&#8221; border_type=&#8221;simple&#8221; column_border_width=&#8221;none&#8221; column_border_style=&#8221;solid&#8221;][divider line_type=&#8221;No Line&#8221; custom_height=&#8221;90&#8243; custom_height_phone=&#8221;60&#8243; custom_height_tablet=&#8221;60&#8243;][\/vc_column][\/vc_row][vc_row type=&#8221;full_width_background&#8221; full_screen_row_position=&#8221;middle&#8221; column_margin=&#8221;default&#8221; equal_height=&#8221;yes&#8221; content_placement=&#8221;middle&#8221; column_direction=&#8221;default&#8221; column_direction_tablet=&#8221;default&#8221; column_direction_phone=&#8221;default&#8221; bg_image=&#8221;1948&#8243; bg_position=&#8221;center center&#8221; background_image_loading=&#8221;default&#8221; bg_repeat=&#8221;no-repeat&#8221; scene_position=&#8221;center&#8221; text_color=&#8221;light&#8221; text_align=&#8221;left&#8221; row_border_radius=&#8221;none&#8221; row_border_radius_applies=&#8221;bg&#8221; overflow=&#8221;visible&#8221; color_overlay=&#8221;#000000&#8243; advanced_gradient_angle=&#8221;0&#8243; overlay_strength=&#8221;0.5&#8243; gradient_direction=&#8221;left_to_right&#8221; shape_divider_position=&#8221;bottom&#8221; bg_image_animation=&#8221;fade-in&#8221; parallax_bg=&#8221;true&#8221; parallax_bg_speed=&#8221;fast&#8221; gradient_type=&#8221;default&#8221; shape_type=&#8221;&#8221;][vc_column column_padding=&#8221;padding-10-percent&#8221; column_padding_tablet=&#8221;inherit&#8221; column_padding_phone=&#8221;inherit&#8221; column_padding_position=&#8221;all&#8221; column_element_spacing=&#8221;default&#8221; centered_text=&#8221;true&#8221; background_color_opacity=&#8221;1&#8243; background_hover_color_opacity=&#8221;1&#8243; column_shadow=&#8221;none&#8221; column_border_radius=&#8221;none&#8221; column_link_target=&#8221;_self&#8221; column_position=&#8221;default&#8221; advanced_gradient_angle=&#8221;0&#8243; gradient_direction=&#8221;left_to_right&#8221; overlay_strength=&#8221;0.3&#8243; width=&#8221;1\/1&#8243; tablet_width_inherit=&#8221;default&#8221; tablet_text_alignment=&#8221;default&#8221; phone_text_alignment=&#8221;default&#8221; animation_type=&#8221;default&#8221; bg_image_animation=&#8221;none&#8221; border_type=&#8221;simple&#8221; column_border_width=&#8221;none&#8221; column_border_style=&#8221;solid&#8221; gradient_type=&#8221;default&#8221;][vc_column_text]<span><span><a href=\"https:\/\/muelheimdental.de\/pl\/strona-glowna\/\">Startseite<\/a><\/span><\/span>[\/vc_column_text][split_line_heading animation_type=&#8221;line-reveal-by-space&#8221; font_style=&#8221;h1&#8243; text_color=&#8221;#ffffff&#8221; line_reveal_by_space_text_effect=&#8221;none&#8221; content_alignment=&#8221;default&#8221; mobile_content_alignment=&#8221;inherit&#8221; link_target=&#8221;_self&#8221; text_content=&#8221;CMD&#8221; font_size=&#8221;3vw&#8221;][\/split_line_heading][\/vc_column][\/vc_row][vc_row type=&#8221;in_container&#8221; full_screen_row_position=&#8221;middle&#8221; column_margin=&#8221;default&#8221; column_direction=&#8221;default&#8221; column_direction_tablet=&#8221;default&#8221; column_direction_phone=&#8221;default&#8221; scene_position=&#8221;center&#8221; top_margin=&#8221;7%&#8221; constrain_group_7=&#8221;yes&#8221; bottom_margin=&#8221;7%&#8221; text_color=&#8221;dark&#8221; text_align=&#8221;left&#8221; row_border_radius=&#8221;none&#8221; row_border_radius_applies=&#8221;bg&#8221; overflow=&#8221;visible&#8221; advanced_gradient_angle=&#8221;0&#8243; overlay_strength=&#8221;0.3&#8243; gradient_direction=&#8221;left_to_right&#8221; shape_divider_position=&#8221;bottom&#8221; bg_image_animation=&#8221;none&#8221; gradient_type=&#8221;default&#8221; shape_type=&#8221;&#8221;][vc_column column_padding=&#8221;no-extra-padding&#8221; column_padding_tablet=&#8221;inherit&#8221; column_padding_phone=&#8221;inherit&#8221; column_padding_position=&#8221;all&#8221; column_element_spacing=&#8221;default&#8221; background_color_opacity=&#8221;1&#8243; background_hover_color_opacity=&#8221;1&#8243; column_shadow=&#8221;none&#8221; column_border_radius=&#8221;none&#8221; column_link_target=&#8221;_self&#8221; column_position=&#8221;default&#8221; advanced_gradient_angle=&#8221;0&#8243; gradient_direction=&#8221;left_to_right&#8221; overlay_strength=&#8221;0.3&#8243; width=&#8221;1\/2&#8243; tablet_width_inherit=&#8221;default&#8221; tablet_text_alignment=&#8221;default&#8221; phone_text_alignment=&#8221;default&#8221; animation_type=&#8221;default&#8221; enable_animation=&#8221;true&#8221; animation=&#8221;fade-in-from-bottom&#8221; bg_image_animation=&#8221;none&#8221; border_type=&#8221;simple&#8221; column_border_width=&#8221;none&#8221; column_border_style=&#8221;solid&#8221; gradient_type=&#8221;default&#8221;][vc_column_text]Cia\u0142o to zesp\u00f3\u0142 r\u00f3\u017cnych po\u0142\u0105cze\u0144 \u2013 dlatego dolegliwo\u015bci rzadko daj\u0105 si\u0119 odczu\u0107 tylko w jednym miejscu. B\u00f3l szcz\u0119ki lub mi\u0119\u015bni szyi i ramion, trzeszczenie i tarcie szcz\u0119ki, ma\u0142e starte z\u0119by lub ograniczony otw\u00f3r ust to objawy problem\u00f3w ze stawami szcz\u0119kowymi. Przyczyn jest wiele: stres lub braki w uz\u0119bieniu mog\u0105 wywo\u0142a\u0107 dolegliwo\u015bci.[\/vc_column_text][\/vc_column][vc_column column_padding=&#8221;no-extra-padding&#8221; column_padding_tablet=&#8221;inherit&#8221; column_padding_phone=&#8221;inherit&#8221; column_padding_position=&#8221;all&#8221; column_element_spacing=&#8221;default&#8221; background_color_opacity=&#8221;1&#8243; background_hover_color_opacity=&#8221;1&#8243; column_shadow=&#8221;none&#8221; column_border_radius=&#8221;none&#8221; column_link_target=&#8221;_self&#8221; column_position=&#8221;default&#8221; advanced_gradient_angle=&#8221;0&#8243; gradient_direction=&#8221;left_to_right&#8221; overlay_strength=&#8221;0.3&#8243; width=&#8221;1\/2&#8243; tablet_width_inherit=&#8221;default&#8221; tablet_text_alignment=&#8221;default&#8221; phone_text_alignment=&#8221;default&#8221; animation_type=&#8221;default&#8221; enable_animation=&#8221;true&#8221; animation=&#8221;fade-in-from-bottom&#8221; bg_image_animation=&#8221;none&#8221; border_type=&#8221;simple&#8221; column_border_width=&#8221;none&#8221; column_border_style=&#8221;solid&#8221; gradient_type=&#8221;default&#8221;][vc_column_text]Leczenie zaburze\u0144 staw\u00f3w skroniowo-\u017cuchwowych jest jednym z g\u0142\u00f3wnych obszar\u00f3w naszej praktyki. Po kilkutygodniowym szkoleniu u prof. dr A. Bumanna w Berlinie stosujemy koncepcj\u0119 CMD Professional. Terapia jest ustalana indywidualnie i mo\u017ce obejmowa\u0107 indywidualne szyny, nowe protezy, osteopati\u0119 i fizjoterapi\u0119 oraz inne formy \u0142agodzenia stresu.[\/vc_column_text][\/vc_column][\/vc_row][vc_row type=&#8221;in_container&#8221; full_screen_row_position=&#8221;middle&#8221; column_margin=&#8221;none&#8221; equal_height=&#8221;yes&#8221; column_direction=&#8221;default&#8221; column_direction_tablet=&#8221;default&#8221; column_direction_phone=&#8221;default&#8221; scene_position=&#8221;center&#8221; bottom_padding=&#8221;7%&#8221; text_color=&#8221;light&#8221; text_align=&#8221;left&#8221; row_border_radius=&#8221;20px&#8221; row_border_radius_applies=&#8221;inner&#8221; overflow=&#8221;visible&#8221; disable_element=&#8221;yes&#8221; advanced_gradient_angle=&#8221;0&#8243; overlay_strength=&#8221;0.3&#8243; gradient_direction=&#8221;left_to_right&#8221; shape_divider_position=&#8221;bottom&#8221; bg_image_animation=&#8221;none&#8221; gradient_type=&#8221;default&#8221; shape_type=&#8221;&#8221;][vc_column column_padding=&#8221;no-extra-padding&#8221; column_padding_tablet=&#8221;inherit&#8221; column_padding_phone=&#8221;inherit&#8221; column_padding_position=&#8221;all&#8221; column_element_spacing=&#8221;default&#8221; background_color_opacity=&#8221;1&#8243; background_hover_color_opacity=&#8221;1&#8243; background_image=&#8221;1948&#8243; background_image_position=&#8221;center center&#8221; enable_bg_scale=&#8221;true&#8221; background_image_loading=&#8221;default&#8221; column_shadow=&#8221;none&#8221; column_border_radius=&#8221;none&#8221; column_link_target=&#8221;_self&#8221; column_position=&#8221;default&#8221; advanced_gradient_angle=&#8221;0&#8243; gradient_direction=&#8221;left_to_right&#8221; overlay_strength=&#8221;0.3&#8243; width=&#8221;1\/2&#8243; tablet_width_inherit=&#8221;default&#8221; tablet_text_alignment=&#8221;default&#8221; phone_text_alignment=&#8221;default&#8221; animation_type=&#8221;default&#8221; bg_image_animation=&#8221;none&#8221; border_type=&#8221;simple&#8221; column_border_width=&#8221;none&#8221; column_border_style=&#8221;solid&#8221; gradient_type=&#8221;default&#8221;][\/vc_column][vc_column column_padding=&#8221;padding-5-percent&#8221; column_padding_tablet=&#8221;inherit&#8221; column_padding_phone=&#8221;inherit&#8221; column_padding_position=&#8221;all&#8221; column_element_spacing=&#8221;default&#8221; background_color=&#8221;#d22539&#8243; background_color_opacity=&#8221;1&#8243; background_hover_color_opacity=&#8221;1&#8243; column_shadow=&#8221;none&#8221; column_border_radius=&#8221;none&#8221; column_link_target=&#8221;_self&#8221; column_position=&#8221;default&#8221; advanced_gradient_angle=&#8221;0&#8243; gradient_direction=&#8221;left_to_right&#8221; overlay_strength=&#8221;0.3&#8243; width=&#8221;1\/2&#8243; tablet_width_inherit=&#8221;default&#8221; tablet_text_alignment=&#8221;default&#8221; phone_text_alignment=&#8221;default&#8221; animation_type=&#8221;default&#8221; bg_image_animation=&#8221;none&#8221; border_type=&#8221;simple&#8221; column_border_width=&#8221;none&#8221; column_border_style=&#8221;solid&#8221; gradient_type=&#8221;default&#8221;][split_line_heading animation_type=&#8221;line-reveal-by-space&#8221; font_style=&#8221;h4&#8243; line_reveal_by_space_text_effect=&#8221;default&#8221; content_alignment=&#8221;default&#8221; mobile_content_alignment=&#8221;inherit&#8221; link_target=&#8221;_self&#8221; text_content=&#8221;Kosten:&#8221;][\/split_line_heading][vc_column_text]Die Kosten h\u00e4ngen vom Bleaching Verfahren ab. Beim Home-Bleaching mit Schienen liegen die Kosten bei ca. 290 Euro. Das In-Office-Bleaching mit Lampe und hochprozentigem Gel kostet ca. 390 Euro. Das Kombi Bleaching (Office+Schienen) mit bestem Ergebnis liegt bei ca. 490 Euro.[\/vc_column_text][\/vc_column][\/vc_row][vc_row type=&#8221;in_container&#8221; full_screen_row_position=&#8221;middle&#8221; column_margin=&#8221;default&#8221; column_direction=&#8221;default&#8221; column_direction_tablet=&#8221;default&#8221; column_direction_phone=&#8221;default&#8221; scene_position=&#8221;center&#8221; bottom_margin=&#8221;7%&#8221; text_color=&#8221;dark&#8221; text_align=&#8221;left&#8221; row_border_radius=&#8221;none&#8221; row_border_radius_applies=&#8221;bg&#8221; overflow=&#8221;visible&#8221; advanced_gradient_angle=&#8221;0&#8243; overlay_strength=&#8221;0.3&#8243; gradient_direction=&#8221;left_to_right&#8221; shape_divider_position=&#8221;bottom&#8221; bg_image_animation=&#8221;none&#8221; gradient_type=&#8221;default&#8221; shape_type=&#8221;&#8221;][vc_column column_padding=&#8221;no-extra-padding&#8221; column_padding_tablet=&#8221;inherit&#8221; column_padding_phone=&#8221;inherit&#8221; column_padding_position=&#8221;all&#8221; column_element_spacing=&#8221;default&#8221; background_color_opacity=&#8221;1&#8243; background_hover_color_opacity=&#8221;1&#8243; column_shadow=&#8221;none&#8221; column_border_radius=&#8221;none&#8221; column_link_target=&#8221;_self&#8221; column_position=&#8221;default&#8221; gradient_direction=&#8221;left_to_right&#8221; overlay_strength=&#8221;0.3&#8243; width=&#8221;1\/1&#8243; tablet_width_inherit=&#8221;default&#8221; tablet_text_alignment=&#8221;default&#8221; phone_text_alignment=&#8221;default&#8221; animation_type=&#8221;default&#8221; bg_image_animation=&#8221;none&#8221; border_type=&#8221;simple&#8221; column_border_width=&#8221;none&#8221; column_border_style=&#8221;solid&#8221;][nectar_btn size=&#8221;small&#8221; button_style=&#8221;regular&#8221; button_color_2=&#8221;Accent-Color&#8221; icon_family=&#8221;none&#8221; text=&#8221;z powrotem&#8221; url=&#8221;\/pl\/zabiegi-stomatologiczne\/&#8221;][\/vc_column][\/vc_row]\n","protected":false},"excerpt":{"rendered":"<p>[vc_row type=&#8221;in_container&#8221; full_screen_row_position=&#8221;middle&#8221; column_margin=&#8221;default&#8221; column_direction=&#8221;default&#8221; column_direction_tablet=&#8221;default&#8221; column_direction_phone=&#8221;default&#8221; scene_position=&#8221;center&#8221; text_color=&#8221;dark&#8221; text_align=&#8221;left&#8221; row_border_radius=&#8221;none&#8221; row_border_radius_applies=&#8221;bg&#8221; overflow=&#8221;visible&#8221; overlay_strength=&#8221;0.3&#8243; gradient_direction=&#8221;left_to_right&#8221; shape_divider_position=&#8221;bottom&#8221; bg_image_animation=&#8221;none&#8221;][vc_column column_padding=&#8221;no-extra-padding&#8221; column_padding_tablet=&#8221;inherit&#8221; column_padding_phone=&#8221;inherit&#8221; column_padding_position=&#8221;all&#8221; column_element_spacing=&#8221;default&#8221; background_color_opacity=&#8221;1&#8243; background_hover_color_opacity=&#8221;1&#8243; column_shadow=&#8221;none&#8221; column_border_radius=&#8221;none&#8221; column_link_target=&#8221;_self&#8221; column_position=&#8221;default&#8221; gradient_direction=&#8221;left_to_right&#8221; overlay_strength=&#8221;0.3&#8243;&#8230;<\/p>\n","protected":false},"author":4,"featured_media":0,"parent":3170,"menu_order":0,"comment_status":"closed","ping_status":"closed","template":"","meta":{"inline_featured_image":false,"footnotes":""},"class_list":["post-3141","page","type-page","status-publish"],"yoast_head":"<!-- This site is optimized with the Yoast SEO plugin v27.3 - https:\/\/yoast.com\/product\/yoast-seo-wordpress\/ -->\n<title>CMD |\u00a0m\u00fclheimdental | dentysta M\u00fclheim an der Ruhr<\/title>\n<meta name=\"description\" content=\"Cia\u0142o to zesp\u00f3\u0142 r\u00f3\u017cnych po\u0142\u0105cze\u0144 \u2013 dlatego dolegliwo\u015bci rzadko daj\u0105 si\u0119 odczu\u0107 tylko w jednym miejscu. B\u00f3l szcz\u0119ki lub mi\u0119\u015bni szyi i...\" \/>\n<meta name=\"robots\" content=\"index, follow, max-snippet:-1, max-image-preview:large, max-video-preview:-1\" \/>\n<link rel=\"canonical\" href=\"https:\/\/muelheimdental.de\/pl\/zabiegi-stomatologiczne\/cmd\/\" \/>\n<meta property=\"og:locale\" content=\"pl_PL\" \/>\n<meta property=\"og:type\" content=\"article\" \/>\n<meta property=\"og:title\" content=\"CMD |\u00a0m\u00fclheimdental | dentysta M\u00fclheim an der Ruhr\" \/>\n<meta property=\"og:description\" content=\"Cia\u0142o to zesp\u00f3\u0142 r\u00f3\u017cnych po\u0142\u0105cze\u0144 \u2013 dlatego dolegliwo\u015bci rzadko daj\u0105 si\u0119 odczu\u0107 tylko w jednym miejscu. B\u00f3l szcz\u0119ki lub mi\u0119\u015bni szyi i...\" \/>\n<meta property=\"og:url\" content=\"https:\/\/muelheimdental.de\/pl\/zabiegi-stomatologiczne\/cmd\/\" \/>\n<meta property=\"og:site_name\" content=\"Zahnarzt m\u00fclheimdental - Dr. D. Leith\u00e4user\" \/>\n<meta property=\"article:modified_time\" content=\"2023-11-29T09:11:54+00:00\" \/>\n<meta name=\"twitter:card\" content=\"summary_large_image\" \/>\n<meta name=\"twitter:label1\" content=\"Szacowany czas czytania\" \/>\n\t<meta name=\"twitter:data1\" content=\"3 minuty\" \/>\n<script type=\"application\/ld+json\" class=\"yoast-schema-graph\">{\"@context\":\"https:\\\/\\\/schema.org\",\"@graph\":[{\"@type\":\"WebPage\",\"@id\":\"https:\\\/\\\/muelheimdental.de\\\/pl\\\/zabiegi-stomatologiczne\\\/cmd\\\/\",\"url\":\"https:\\\/\\\/muelheimdental.de\\\/pl\\\/zabiegi-stomatologiczne\\\/cmd\\\/\",\"name\":\"CMD |\u00a0m\u00fclheimdental | dentysta M\u00fclheim an der Ruhr\",\"isPartOf\":{\"@id\":\"https:\\\/\\\/muelheimdental.de\\\/pl\\\/#website\"},\"datePublished\":\"2023-08-16T12:19:55+00:00\",\"dateModified\":\"2023-11-29T09:11:54+00:00\",\"description\":\"Cia\u0142o to zesp\u00f3\u0142 r\u00f3\u017cnych po\u0142\u0105cze\u0144 \u2013 dlatego dolegliwo\u015bci rzadko daj\u0105 si\u0119 odczu\u0107 tylko w jednym miejscu. B\u00f3l szcz\u0119ki lub mi\u0119\u015bni szyi i...\",\"breadcrumb\":{\"@id\":\"https:\\\/\\\/muelheimdental.de\\\/pl\\\/zabiegi-stomatologiczne\\\/cmd\\\/#breadcrumb\"},\"inLanguage\":\"pl-PL\",\"potentialAction\":[{\"@type\":\"ReadAction\",\"target\":[\"https:\\\/\\\/muelheimdental.de\\\/pl\\\/zabiegi-stomatologiczne\\\/cmd\\\/\"]}]},{\"@type\":\"BreadcrumbList\",\"@id\":\"https:\\\/\\\/muelheimdental.de\\\/pl\\\/zabiegi-stomatologiczne\\\/cmd\\\/#breadcrumb\",\"itemListElement\":[{\"@type\":\"ListItem\",\"position\":1,\"name\":\"Startseite\",\"item\":\"https:\\\/\\\/muelheimdental.de\\\/pl\\\/strona-glowna\\\/\"},{\"@type\":\"ListItem\",\"position\":2,\"name\":\"zabiegi stomatologiczne\",\"item\":\"https:\\\/\\\/muelheimdental.de\\\/pl\\\/zabiegi-stomatologiczne\\\/\"},{\"@type\":\"ListItem\",\"position\":3,\"name\":\"CMD\"}]},{\"@type\":\"WebSite\",\"@id\":\"https:\\\/\\\/muelheimdental.de\\\/pl\\\/#website\",\"url\":\"https:\\\/\\\/muelheimdental.de\\\/pl\\\/\",\"name\":\"Zahnarzt m\u00fclheimdental - Dr. D. Leith\u00e4user\",\"description\":\"M\u00fclheim &amp; Essen\",\"publisher\":{\"@id\":\"https:\\\/\\\/muelheimdental.de\\\/pl\\\/#organization\"},\"potentialAction\":[{\"@type\":\"SearchAction\",\"target\":{\"@type\":\"EntryPoint\",\"urlTemplate\":\"https:\\\/\\\/muelheimdental.de\\\/pl\\\/?s={search_term_string}\"},\"query-input\":{\"@type\":\"PropertyValueSpecification\",\"valueRequired\":true,\"valueName\":\"search_term_string\"}}],\"inLanguage\":\"pl-PL\"},{\"@type\":\"Organization\",\"@id\":\"https:\\\/\\\/muelheimdental.de\\\/pl\\\/#organization\",\"name\":\"m\u00fclheimdental \u00b7 Einfach deine Praxis.\",\"url\":\"https:\\\/\\\/muelheimdental.de\\\/pl\\\/\",\"logo\":{\"@type\":\"ImageObject\",\"inLanguage\":\"pl-PL\",\"@id\":\"https:\\\/\\\/muelheimdental.de\\\/pl\\\/#\\\/schema\\\/logo\\\/image\\\/\",\"url\":\"https:\\\/\\\/muelheimdental.de\\\/wp-content\\\/uploads\\\/muelheimdental-og-image-1\",\"contentUrl\":\"https:\\\/\\\/muelheimdental.de\\\/wp-content\\\/uploads\\\/muelheimdental-og-image-1\",\"width\":960,\"height\":540,\"caption\":\"m\u00fclheimdental \u00b7 Einfach deine Praxis.\"},\"image\":{\"@id\":\"https:\\\/\\\/muelheimdental.de\\\/pl\\\/#\\\/schema\\\/logo\\\/image\\\/\"}}]}<\/script>\n<!-- \/ Yoast SEO plugin. -->","yoast_head_json":{"title":"CMD |\u00a0m\u00fclheimdental | dentysta M\u00fclheim an der Ruhr","description":"Cia\u0142o to zesp\u00f3\u0142 r\u00f3\u017cnych po\u0142\u0105cze\u0144 \u2013 dlatego dolegliwo\u015bci rzadko daj\u0105 si\u0119 odczu\u0107 tylko w jednym miejscu. B\u00f3l szcz\u0119ki lub mi\u0119\u015bni szyi i...","robots":{"index":"index","follow":"follow","max-snippet":"max-snippet:-1","max-image-preview":"max-image-preview:large","max-video-preview":"max-video-preview:-1"},"canonical":"https:\/\/muelheimdental.de\/pl\/zabiegi-stomatologiczne\/cmd\/","og_locale":"pl_PL","og_type":"article","og_title":"CMD |\u00a0m\u00fclheimdental | dentysta M\u00fclheim an der Ruhr","og_description":"Cia\u0142o to zesp\u00f3\u0142 r\u00f3\u017cnych po\u0142\u0105cze\u0144 \u2013 dlatego dolegliwo\u015bci rzadko daj\u0105 si\u0119 odczu\u0107 tylko w jednym miejscu. B\u00f3l szcz\u0119ki lub mi\u0119\u015bni szyi i...","og_url":"https:\/\/muelheimdental.de\/pl\/zabiegi-stomatologiczne\/cmd\/","og_site_name":"Zahnarzt m\u00fclheimdental - Dr. D. Leith\u00e4user","article_modified_time":"2023-11-29T09:11:54+00:00","twitter_card":"summary_large_image","twitter_misc":{"Szacowany czas czytania":"3 minuty"},"schema":{"@context":"https:\/\/schema.org","@graph":[{"@type":"WebPage","@id":"https:\/\/muelheimdental.de\/pl\/zabiegi-stomatologiczne\/cmd\/","url":"https:\/\/muelheimdental.de\/pl\/zabiegi-stomatologiczne\/cmd\/","name":"CMD |\u00a0m\u00fclheimdental | dentysta M\u00fclheim an der Ruhr","isPartOf":{"@id":"https:\/\/muelheimdental.de\/pl\/#website"},"datePublished":"2023-08-16T12:19:55+00:00","dateModified":"2023-11-29T09:11:54+00:00","description":"Cia\u0142o to zesp\u00f3\u0142 r\u00f3\u017cnych po\u0142\u0105cze\u0144 \u2013 dlatego dolegliwo\u015bci rzadko daj\u0105 si\u0119 odczu\u0107 tylko w jednym miejscu. B\u00f3l szcz\u0119ki lub mi\u0119\u015bni szyi i...","breadcrumb":{"@id":"https:\/\/muelheimdental.de\/pl\/zabiegi-stomatologiczne\/cmd\/#breadcrumb"},"inLanguage":"pl-PL","potentialAction":[{"@type":"ReadAction","target":["https:\/\/muelheimdental.de\/pl\/zabiegi-stomatologiczne\/cmd\/"]}]},{"@type":"BreadcrumbList","@id":"https:\/\/muelheimdental.de\/pl\/zabiegi-stomatologiczne\/cmd\/#breadcrumb","itemListElement":[{"@type":"ListItem","position":1,"name":"Startseite","item":"https:\/\/muelheimdental.de\/pl\/strona-glowna\/"},{"@type":"ListItem","position":2,"name":"zabiegi stomatologiczne","item":"https:\/\/muelheimdental.de\/pl\/zabiegi-stomatologiczne\/"},{"@type":"ListItem","position":3,"name":"CMD"}]},{"@type":"WebSite","@id":"https:\/\/muelheimdental.de\/pl\/#website","url":"https:\/\/muelheimdental.de\/pl\/","name":"Zahnarzt m\u00fclheimdental - Dr. D. Leith\u00e4user","description":"M\u00fclheim &amp; Essen","publisher":{"@id":"https:\/\/muelheimdental.de\/pl\/#organization"},"potentialAction":[{"@type":"SearchAction","target":{"@type":"EntryPoint","urlTemplate":"https:\/\/muelheimdental.de\/pl\/?s={search_term_string}"},"query-input":{"@type":"PropertyValueSpecification","valueRequired":true,"valueName":"search_term_string"}}],"inLanguage":"pl-PL"},{"@type":"Organization","@id":"https:\/\/muelheimdental.de\/pl\/#organization","name":"m\u00fclheimdental \u00b7 Einfach deine Praxis.","url":"https:\/\/muelheimdental.de\/pl\/","logo":{"@type":"ImageObject","inLanguage":"pl-PL","@id":"https:\/\/muelheimdental.de\/pl\/#\/schema\/logo\/image\/","url":"https:\/\/muelheimdental.de\/wp-content\/uploads\/muelheimdental-og-image-1","contentUrl":"https:\/\/muelheimdental.de\/wp-content\/uploads\/muelheimdental-og-image-1","width":960,"height":540,"caption":"m\u00fclheimdental \u00b7 Einfach deine Praxis."},"image":{"@id":"https:\/\/muelheimdental.de\/pl\/#\/schema\/logo\/image\/"}}]}},"_links":{"self":[{"href":"https:\/\/muelheimdental.de\/pl\/wp-json\/wp\/v2\/pages\/3141","targetHints":{"allow":["GET"]}}],"collection":[{"href":"https:\/\/muelheimdental.de\/pl\/wp-json\/wp\/v2\/pages"}],"about":[{"href":"https:\/\/muelheimdental.de\/pl\/wp-json\/wp\/v2\/types\/page"}],"author":[{"embeddable":true,"href":"https:\/\/muelheimdental.de\/pl\/wp-json\/wp\/v2\/users\/4"}],"replies":[{"embeddable":true,"href":"https:\/\/muelheimdental.de\/pl\/wp-json\/wp\/v2\/comments?post=3141"}],"version-history":[{"count":5,"href":"https:\/\/muelheimdental.de\/pl\/wp-json\/wp\/v2\/pages\/3141\/revisions"}],"predecessor-version":[{"id":3281,"href":"https:\/\/muelheimdental.de\/pl\/wp-json\/wp\/v2\/pages\/3141\/revisions\/3281"}],"up":[{"embeddable":true,"href":"https:\/\/muelheimdental.de\/pl\/wp-json\/wp\/v2\/pages\/3170"}],"wp:attachment":[{"href":"https:\/\/muelheimdental.de\/pl\/wp-json\/wp\/v2\/media?parent=3141"}],"curies":[{"name":"wp","href":"https:\/\/api.w.org\/{rel}","templated":true}]}}